{"id":60,"date":"2019-03-12T23:07:41","date_gmt":"2019-03-12T22:07:41","guid":{"rendered":"http:\/\/gamanieruchomosci.pl\/?page_id=60"},"modified":"2019-10-10T10:43:11","modified_gmt":"2019-10-10T08:43:11","slug":"kontakt","status":"publish","type":"page","link":"http:\/\/gamanieruchomosci.pl\/index.php\/kontakt\/","title":{"rendered":"Kontakt"},"content":{"rendered":"<p>[et_pb_section fb_built=&#8221;1&#8243; fullwidth=&#8221;on&#8221; _builder_version=&#8221;3.22&#8243; fb_built=&#8221;1&#8243; bb_built=&#8221;1&#8243; _i=&#8221;0&#8243; _address=&#8221;0&#8243;][et_pb_fullwidth_map address=&#8221;Imbirowa, 16-030 Grab\u00f3wka, Polska&#8221; zoom_level=&#8221;12&#8243; address_lat=&#8221;53.1305255&#8243; address_lng=&#8221;23.285328899999968&#8243; mouse_wheel=&#8221;off&#8221; _builder_version=&#8221;3.20.2&#8243; filter_saturate=&#8221;0%&#8221; _i=&#8221;0&#8243; _address=&#8221;0.0&#8243;][et_pb_map_pin title=&#8221;GAMA Nieruchomo\u015bci&#8221; pin_address=&#8221;Imbirowa, 16-030 Grab\u00f3wka, Polska&#8221; pin_address_lat=&#8221;53.1305255&#8243; pin_address_lng=&#8221;23.285328899999968&#8243; _builder_version=&#8221;3.20.2&#8243; _i=&#8221;0&#8243; _address=&#8221;0.0.0&#8243;][\/et_pb_map_pin][\/et_pb_fullwidth_map][\/et_pb_section][et_pb_section fb_built=&#8221;1&#8243; _builder_version=&#8221;3.22&#8243; custom_padding=&#8221;54px|0px|100px|0px&#8221; fb_built=&#8221;1&#8243; bb_built=&#8221;1&#8243; _i=&#8221;1&#8243; _address=&#8221;1&#8243;][et_pb_row column_structure=&#8221;2_3,1_3&#8243; use_custom_gutter=&#8221;on&#8221; gutter_width=&#8221;1&#8243; admin_label=&#8221;Contact&#8221; _builder_version=&#8221;3.25&#8243; background_color_gradient_direction=&#8221;90deg&#8221; background_size=&#8221;initial&#8221; background_position=&#8221;top_left&#8221; background_repeat=&#8221;repeat&#8221; custom_margin=&#8221;-10%|||&#8221; custom_padding=&#8221;0px|0px|0px|0px&#8221; animation_style=&#8221;slide&#8221; animation_direction=&#8221;bottom&#8221; animation_intensity_slide=&#8221;4%&#8221; border_radii=&#8221;on|15px|15px|15px|15px&#8221; box_shadow_style=&#8221;preset3&#8243; box_shadow_vertical=&#8221;58px&#8221; box_shadow_blur=&#8221;58px&#8221; box_shadow_color=&#8221;rgba(0,0,0,0.1)&#8221; _i=&#8221;0&#8243; _address=&#8221;1.0&#8243;][et_pb_column type=&#8221;2_3&#8243; _builder_version=&#8221;3.25&#8243; custom_padding=&#8221;|||&#8221; _i=&#8221;0&#8243; _address=&#8221;1.0.0&#8243; custom_padding__hover=&#8221;|||&#8221;][et_pb_contact_form title=&#8221;Formularz kontaktowy&#8221; submit_button_text=&#8221;Wy\u015blij&#8221; module_id=&#8221;et_pb_contact_form_0&#8243; _builder_version=&#8221;3.23&#8243; form_field_background_color=&#8221;#ffffff&#8221; title_font=&#8221;Lato|700|||||||&#8221; title_font_size=&#8221;34px&#8221; title_line_height=&#8221;1.8em&#8221; form_field_font=&#8221;Lato||||||||&#8221; form_field_font_size=&#8221;16px&#8221; background_color=&#8221;#ffffff&#8221; custom_button=&#8221;on&#8221; button_text_size=&#8221;15px&#8221; button_text_color=&#8221;#ffffff&#8221; button_bg_color=&#8221;#3c39e5&#8243; button_border_width=&#8221;6px&#8221; button_border_color=&#8221;#3c39e5&#8243; button_border_radius=&#8221;5px&#8221; button_letter_spacing=&#8221;2px&#8221; button_font=&#8221;Lato|900||on|||||&#8221; custom_margin=&#8221;|||&#8221; custom_padding=&#8221;50px|50px|50px|50px&#8221; border_radii=&#8221;on|6px|6px|6px|6px&#8221; border_width_all=&#8221;2px&#8221; border_color_all=&#8221;#dce2ee&#8221; form_background_color=&#8221;#ffffff&#8221; button_letter_spacing_hover=&#8221;2px&#8221; _i=&#8221;0&#8243; _address=&#8221;1.0.0.0&#8243;][et_pb_contact_field field_id=&#8221;Imi\u0119&#8221; field_title=&#8221;Imi\u0119&#8221; _builder_version=&#8221;3.20.2&#8243; form_field_font=&#8221;||||||||&#8221; _i=&#8221;0&#8243; _address=&#8221;1.0.0.0.0&#8243;][\/et_pb_contact_field][et_pb_contact_field field_id=&#8221;Nazwisko&#8221; field_title=&#8221;Nazwisko&#8221; _builder_version=&#8221;3.20.2&#8243; form_field_font=&#8221;||||||||&#8221; _i=&#8221;1&#8243; _address=&#8221;1.0.0.0.1&#8243;][\/et_pb_contact_field][et_pb_contact_field field_id=&#8221;E-mail&#8221; field_title=&#8221;E-mail&#8221; _builder_version=&#8221;3.20.2&#8243; form_field_font=&#8221;||||||||&#8221; _i=&#8221;2&#8243; _address=&#8221;1.0.0.0.2&#8243;][\/et_pb_contact_field][et_pb_contact_field field_id=&#8221;Telefon&#8221; field_title=&#8221;Telefon&#8221; field_type=&#8221;email&#8221; _builder_version=&#8221;3.20.2&#8243; form_field_font=&#8221;||||||||&#8221; _i=&#8221;3&#8243; _address=&#8221;1.0.0.0.3&#8243;][\/et_pb_contact_field][et_pb_contact_field field_id=&#8221;Preferowany_kontakt&#8221; field_title=&#8221;Preferowany kontakt&#8221; field_type=&#8221;select&#8221; select_options=&#8221;%91{%22value%22:%22Telefon%22,%22checked%22:0},{%22value%22:%22E-mail%22,%22checked%22:0},{%22value%22:%22Listownie%22,%22checked%22:0}%93&#8243; required_mark=&#8221;off&#8221; _builder_version=&#8221;3.20.2&#8243; form_field_font=&#8221;||||||||&#8221; _i=&#8221;4&#8243; _address=&#8221;1.0.0.0.4&#8243;][\/et_pb_contact_field][et_pb_contact_field field_id=&#8221;Poszukuj\u0119&#8221; field_title=&#8221;Poszukuj\u0119&#8221; field_type=&#8221;select&#8221; select_options=&#8221;%91{%22value%22:%22Zakup nieruchomo\u015bci%22,%22checked%22:0},{%22value%22:%22Wynajem nieruchomo\u015bci%22,%22checked%22:0},{%22value%22:%22Sprzeda\u017c nieruchomo\u015bci%22,%22checked%22:0}%93&#8243; required_mark=&#8221;off&#8221; _builder_version=&#8221;3.20.2&#8243; form_field_font=&#8221;||||||||&#8221; _i=&#8221;5&#8243; _address=&#8221;1.0.0.0.5&#8243;][\/et_pb_contact_field][et_pb_contact_field field_id=&#8221;Wiadomo\u015b\u0107&#8221; field_title=&#8221;Wiadomo\u015b\u0107&#8221; field_type=&#8221;text&#8221; fullwidth_field=&#8221;on&#8221; _builder_version=&#8221;3.20.2&#8243; form_field_font=&#8221;||||||||&#8221; _i=&#8221;6&#8243; _address=&#8221;1.0.0.0.6&#8243;][\/et_pb_contact_field][\/et_pb_contact_form][\/et_pb_column][et_pb_column type=&#8221;1_3&#8243; _builder_version=&#8221;3.25&#8243; use_background_color_gradient=&#8221;on&#8221; background_color_gradient_start=&#8221;#3c39e5&#8243; background_color_gradient_end=&#8221;rgba(60,57,229,0.87)&#8221; background_color_gradient_overlays_image=&#8221;on&#8221; background_image=&#8221;http:\/\/gamanieruchomosci.pl\/wp-content\/uploads\/2019\/03\/architect-firm-14.jpg&#8221; custom_padding=&#8221;70px||310px|&#8221; _i=&#8221;1&#8243; _address=&#8221;1.0.1&#8243; custom_padding__hover=&#8221;|||&#8221;][et_pb_text _builder_version=&#8221;3.27.4&#8243; text_font=&#8221;Roboto||||||||&#8221; text_font_size=&#8221;16px&#8221; text_line_height=&#8221;1.8em&#8221; header_2_font=&#8221;Lato|700|||||||&#8221; header_2_font_size=&#8221;32px&#8221; header_2_line_height=&#8221;1.4em&#8221; background_layout=&#8221;dark&#8221; custom_margin=&#8221;|||&#8221; custom_padding=&#8221;|||40px&#8221; _i=&#8221;0&#8243; _address=&#8221;1.0.1.0&#8243;]<\/p>\n<h2>Kontakt:<\/h2>\n<p><strong>Gama S.C.<\/strong><br \/>Marta i Adam Go\u0142\u0119biccy<br \/>ul.Imbirowa 19<br \/>15-523 Grab\u00f3wka<\/p>\n<p>NIP: 542-322-41-52<br \/>REGON : 200680402<\/p>\n<p>[\/et_pb_text][\/et_pb_column][\/et_pb_row][\/et_pb_section][et_pb_section fb_built=&#8221;1&#8243; admin_label=&#8221;Hero section&#8221; _builder_version=&#8221;3.22&#8243; use_background_color_gradient=&#8221;on&#8221; background_color_gradient_start=&#8221;rgba(150,105,97,0.67)&#8221; background_color_gradient_end=&#8221;rgba(2,0,76,0.84)&#8221; background_color_gradient_overlays_image=&#8221;on&#8221; background_image=&#8221;http:\/\/gamanieruchomosci.pl\/wp-content\/uploads\/2019\/03\/real-estate-06.jpg&#8221; background_position=&#8221;top_center&#8221; custom_margin=&#8221;|||&#8221; custom_padding=&#8221;10%||10%|&#8221; fb_built=&#8221;1&#8243; bb_built=&#8221;1&#8243; _i=&#8221;3&#8243; _address=&#8221;3&#8243;][et_pb_row _builder_version=&#8221;3.25&#8243; custom_margin=&#8221;|||&#8221; _i=&#8221;0&#8243; _address=&#8221;3.0&#8243;][et_pb_column type=&#8221;4_4&#8243; _builder_version=&#8221;3.25&#8243; custom_padding=&#8221;|||&#8221; _i=&#8221;0&#8243; _address=&#8221;3.0.0&#8243; custom_padding__hover=&#8221;|||&#8221;][et_pb_cta title=&#8221;Kupno, Sprzeda\u017c, Wynajem&#8221; button_url=&#8221;#&#8221; _builder_version=&#8221;3.20.2&#8243; header_font=&#8221;Lato|900||on|||||&#8221; header_font_size=&#8221;48px&#8221; header_letter_spacing=&#8221;2px&#8221; header_line_height=&#8221;1.2em&#8221; body_font=&#8221;Lato||||||||&#8221; body_font_size=&#8221;20px&#8221; body_line_height=&#8221;1.8em&#8221; use_background_color=&#8221;off&#8221; custom_button=&#8221;on&#8221; button_text_size=&#8221;16px&#8221; button_text_color=&#8221;#ffffff&#8221; button_bg_color=&#8221;#fa7f28&#8243; button_border_width=&#8221;6px&#8221; button_border_color=&#8221;#fa7f28&#8243; button_border_radius=&#8221;5px&#8221; button_letter_spacing=&#8221;2px&#8221; button_font=&#8221;Lato|900||on|||||&#8221; max_width=&#8221;750px&#8221; module_alignment=&#8221;center&#8221; animation_style=&#8221;fold&#8221; header_font_size_tablet=&#8221;40px&#8221; header_font_size_last_edited=&#8221;on|tablet&#8221; header_text_shadow_style=&#8221;preset1&#8243; header_text_shadow_blur_strength=&#8221;0.6em&#8221; header_text_shadow_color=&#8221;rgba(0,0,0,0.24)&#8221; box_shadow_style_button=&#8221;preset3&#8243; box_shadow_blur_button=&#8221;30px&#8221; box_shadow_spread_button=&#8221;8px&#8221; box_shadow_color_button=&#8221;rgba(250,127,40,0.15)&#8221; button_text_size__hover_enabled=&#8221;off&#8221; button_text_size__hover=&#8221;null&#8221; button_one_text_size__hover_enabled=&#8221;off&#8221; button_one_text_size__hover=&#8221;null&#8221; button_two_text_size__hover_enabled=&#8221;off&#8221; button_two_text_size__hover=&#8221;null&#8221; button_text_color__hover_enabled=&#8221;off&#8221; button_text_color__hover=&#8221;null&#8221; button_one_text_color__hover_enabled=&#8221;off&#8221; button_one_text_color__hover=&#8221;null&#8221; button_two_text_color__hover_enabled=&#8221;off&#8221; button_two_text_color__hover=&#8221;null&#8221; button_border_width__hover_enabled=&#8221;off&#8221; button_border_width__hover=&#8221;null&#8221; button_one_border_width__hover_enabled=&#8221;off&#8221; button_one_border_width__hover=&#8221;null&#8221; button_two_border_width__hover_enabled=&#8221;off&#8221; button_two_border_width__hover=&#8221;null&#8221; button_border_color__hover_enabled=&#8221;off&#8221; button_border_color__hover=&#8221;null&#8221; button_one_border_color__hover_enabled=&#8221;off&#8221; button_one_border_color__hover=&#8221;null&#8221; button_two_border_color__hover_enabled=&#8221;off&#8221; button_two_border_color__hover=&#8221;null&#8221; button_border_radius__hover_enabled=&#8221;off&#8221; button_border_radius__hover=&#8221;null&#8221; button_one_border_radius__hover_enabled=&#8221;off&#8221; button_one_border_radius__hover=&#8221;null&#8221; button_two_border_radius__hover_enabled=&#8221;off&#8221; button_two_border_radius__hover=&#8221;null&#8221; button_letter_spacing__hover_enabled=&#8221;on&#8221; button_letter_spacing__hover=&#8221;2px&#8221; button_one_letter_spacing__hover_enabled=&#8221;off&#8221; button_one_letter_spacing__hover=&#8221;null&#8221; button_two_letter_spacing__hover_enabled=&#8221;off&#8221; button_two_letter_spacing__hover=&#8221;null&#8221; button_bg_color__hover_enabled=&#8221;off&#8221; button_bg_color__hover=&#8221;null&#8221; button_one_bg_color__hover_enabled=&#8221;off&#8221; button_one_bg_color__hover=&#8221;null&#8221; button_two_bg_color__hover_enabled=&#8221;off&#8221; button_two_bg_color__hover=&#8221;null&#8221; _i=&#8221;0&#8243; _address=&#8221;3.0.0.0&#8243;]<\/p>\n<p>Gama Nieruchomo\u015bci zajmuje si\u0119 obrotem nieruchomo\u015bciami, ich wynajmem na terenie Podlasia oraz Warmii i Mazur.<\/p>\n<p>Zapraszamy do kontaktu.<\/p>\n<p>[\/et_pb_cta][\/et_pb_column][\/et_pb_row][\/et_pb_section]<\/p>\n","protected":false},"excerpt":{"rendered":"<p>Kontakt: Gama S.C.Marta i Adam Go\u0142\u0119biccyul.Imbirowa 1915-523 Grab\u00f3wka NIP: 542-322-41-52REGON : 200680402 Gama Nieruchomo\u015bci zajmuje si\u0119 obrotem nieruchomo\u015bciami, ich wynajmem na terenie Podlasia oraz Warmii i Mazur.Zapraszamy do kontaktu.<\/p>\n","protected":false},"author":1,"featured_media":0,"parent":0,"menu_order":0,"comment_status":"closed","ping_status":"closed","template":"","meta":{"_et_pb_use_builder":"on","_et_pb_old_content":"","_et_gb_content_width":"","footnotes":""},"class_list":["post-60","page","type-page","status-publish","hentry"],"aioseo_notices":[],"_links":{"self":[{"href":"http:\/\/gamanieruchomosci.pl\/index.php\/wp-json\/wp\/v2\/pages\/60","targetHints":{"allow":["GET"]}}],"collection":[{"href":"http:\/\/gamanieruchomosci.pl\/index.php\/wp-json\/wp\/v2\/pages"}],"about":[{"href":"http:\/\/gamanieruchomosci.pl\/index.php\/wp-json\/wp\/v2\/types\/page"}],"author":[{"embeddable":true,"href":"http:\/\/gamanieruchomosci.pl\/index.php\/wp-json\/wp\/v2\/users\/1"}],"replies":[{"embeddable":true,"href":"http:\/\/gamanieruchomosci.pl\/index.php\/wp-json\/wp\/v2\/comments?post=60"}],"version-history":[{"count":5,"href":"http:\/\/gamanieruchomosci.pl\/index.php\/wp-json\/wp\/v2\/pages\/60\/revisions"}],"predecessor-version":[{"id":94,"href":"http:\/\/gamanieruchomosci.pl\/index.php\/wp-json\/wp\/v2\/pages\/60\/revisions\/94"}],"wp:attachment":[{"href":"http:\/\/gamanieruchomosci.pl\/index.php\/wp-json\/wp\/v2\/media?parent=60"}],"curies":[{"name":"wp","href":"https:\/\/api.w.org\/{rel}","templated":true}]}}